{"id":106,"date":"2023-12-07T12:16:04","date_gmt":"2023-12-07T03:16:04","guid":{"rendered":"https:\/\/saika-home.com\/?page_id=106"},"modified":"2024-01-11T22:54:53","modified_gmt":"2024-01-11T13:54:53","slug":"%e3%81%8a%e5%95%8f%e3%81%84%e5%90%88%e3%82%8f%e3%81%9b","status":"publish","type":"page","link":"https:\/\/saika-home.com\/?page_id=106","title":{"rendered":"\u304a\u554f\u3044\u5408\u308f\u305b"},"content":{"rendered":"\n<div class=\"wp-block-cover has-parallax\"><span aria-hidden=\"true\" class=\"wp-block-cover__background has-background-dim-40 has-background-dim\"><\/span><div role=\"img\" class=\"wp-block-cover__image-background wp-image-232 has-parallax\" style=\"background-position:50% 50%;background-image:url(https:\/\/saika-home.com\/wp-content\/uploads\/2023\/12\/3541944_m.jpg)\"><\/div><div class=\"wp-block-cover__inner-container is-layout-constrained wp-block-cover-is-layout-constrained\">\n<p class=\"has-text-align-center has-large-font-size\" style=\"font-style:normal;font-weight:800\"><strong>\u300c\u5b89\u5fc3\u5feb\u9069\u306a\u7a7a\u9593\u300d\u3078\u306e\u7b2c\u4e00\u6b69<\/strong><\/p>\n\n\n\n<h3 class=\"wp-block-heading has-text-align-left\">\u6bce\u65e5\u304c\u697d\u3057\u304f\u306a\u308b\u3001\u3082\u3063\u3068\u5feb\u9069\u306b\u904e\u3054\u3057\u3084\u3059\u304f\u306a\u308b\u304a\u90e8\u5c4b\u3065\u304f\u308a\u306a\u3089\u3001<br>\u307e\u305a\u306f\u304a\u6c17\u8efd\u306b\u7121\u6599\u8a3a\u65ad\uff06\u7121\u6599\u898b\u7a4d\u3092\u304a\u8a66\u3057\u304f\u3060\u3055\u3044\u3002<br>\u5165\u529b\u306f\u7c21\u535830\u79d2\u3067\u5b8c\u4e86\u3044\u305f\u3057\u307e\u3059\u3002<\/h3>\n\n\n\n<p>\u203b\u304a\u554f\u3044\u5408\u308f\u305b\u5185\u5bb9\u4ee5\u5916\u306e\u9023\u7d61\u306f\u4e00\u5207\u3044\u305f\u3057\u307e\u305b\u3093\u3002<br>\u5b89\u5fc3\u3057\u3066\u304a\u554f\u3044\u5408\u308f\u305b\u304f\u3060\u3055\u3044\u3002<\/p>\n<\/div><\/div>\n\n\n\n<div style=\"height:100px\" aria-hidden=\"true\" class=\"wp-block-spacer\"><\/div>\n\n\n\n<p class=\"has-text-align-center has-medium-font-size\" style=\"font-style:normal;font-weight:800\">\u3053\u306e\u3088\u3046\u306a\u304a\u60a9\u307f\u306f\u3042\u308a\u307e\u305b\u3093\u304b\uff1f<\/p>\n\n\n\n<div class=\"wp-block-columns has-background is-layout-flex wp-container-core-columns-is-layout-9d6595d7 wp-block-columns-is-layout-flex\" style=\"background-color:#abb7c230\">\n<div class=\"wp-block-column is-layout-flow wp-block-column-is-layout-flow\">\n<p class=\"has-text-align-left\">\u2605\u53e4\u3044\u90e8\u5206\u3092\u3092\u65b0\u3057\u304f\u3057\u305f\u3044<\/p>\n\n\n\n<p>\u2605\u4f7f\u3044\u52dd\u624b\u306e\u826f\u3044\u5bb6\u306b\u30ea\u30d5\u30a9\u30fc\u30e0\u3057\u305f\u3044<\/p>\n\n\n\n<p>\u2605\u9593\u53d6\u308a\u3092\u5909\u3048\u305f\u3044<\/p>\n<\/div>\n\n\n\n<div class=\"wp-block-column is-layout-flow wp-block-column-is-layout-flow\">\n<p>\u2605\u58ca\u308c\u3066\u3044\u308b\u7b87\u6240\u3092\u4fee\u7406\u3057\u305f\u3044<\/p>\n\n\n\n<p>\u2605\u4eca\u306e\u5bb6\u306b\u9577\u304f\u4f4f\u307f\u305f\u3044<\/p>\n\n\n\n<p>\u2605\u3069\u3053\u304c\u60aa\u3044\u306e\u304b\u308f\u304b\u3089\u306a\u3044\u304b\u3089\u8abf\u67fb\u3057\u305f\u3044<\/p>\n<\/div>\n<\/div>\n\n\n\n<figure class=\"wp-block-image size-large\"><img loading=\"lazy\" decoding=\"async\" width=\"1024\" height=\"593\" src=\"https:\/\/saika-home.com\/wp-content\/uploads\/2023\/12\/\u30d5\u30a1\u30fc\u30b9\u30c8\u30b9\u30c6\u30c3\u30d7-1-e1701828665786-1024x593.png\" alt=\"\" class=\"wp-image-154\"\/><\/figure>\n\n\n\n<div style=\"height:99px\" aria-hidden=\"true\" class=\"wp-block-spacer\"><\/div>\n\n\n\n<div class=\"wpcf7 no-js\" id=\"wpcf7-f372-o1\" lang=\"ja\" dir=\"ltr\" data-wpcf7-id=\"372\">\n<div class=\"screen-reader-response\"><p role=\"status\" aria-live=\"polite\" aria-atomic=\"true\"><\/p> <ul><\/ul><\/div>\n<form action=\"\/index.php?rest_route=%2Fwp%2Fv2%2Fpages%2F106#wpcf7-f372-o1\" method=\"post\" class=\"wpcf7-form init\" aria-label=\"\u30b3\u30f3\u30bf\u30af\u30c8\u30d5\u30a9\u30fc\u30e0\" enctype=\"multipart\/form-data\" novalidate=\"novalidate\" data-status=\"init\">\n<fieldset class=\"hidden-fields-container\"><input type=\"hidden\" name=\"_wpcf7\" value=\"372\" \/><input type=\"hidden\" name=\"_wpcf7_version\" value=\"6.1.5\" \/><input type=\"hidden\" name=\"_wpcf7_locale\" value=\"ja\" \/><input type=\"hidden\" name=\"_wpcf7_unit_tag\" value=\"wpcf7-f372-o1\" \/><input type=\"hidden\" name=\"_wpcf7_container_post\" value=\"0\" \/><input type=\"hidden\" name=\"_wpcf7_posted_data_hash\" value=\"\" \/><input type=\"hidden\" name=\"_wpcf7_recaptcha_response\" value=\"\" \/>\n<\/fieldset>\n<table class=\"CF7_table\">\n\t<tr>\n\t\t<th>\n\t\t\t<p><span class=\"CF7_req\">\u5fc5\u9808<\/span> \u3054\u76f8\u8ac7\u5185\u5bb9\n\t\t\t<\/p>\n\t\t<\/th>\n\t\t<td>\n\t\t\t<p><span class=\"wpcf7-form-control-wrap\" data-name=\"checkbox-inq\"><span class=\"wpcf7-form-control wpcf7-checkbox wpcf7-validates-as-required\"><span class=\"wpcf7-list-item first\"><input type=\"checkbox\" name=\"checkbox-inq[]\" value=\"\u3054\u76f8\u8ac7\" \/><span class=\"wpcf7-list-item-label\">\u3054\u76f8\u8ac7<\/span><\/span><span class=\"wpcf7-list-item\"><input type=\"checkbox\" name=\"checkbox-inq[]\" value=\"\u304a\u898b\u7a4d\u3082\u308a\" \/><span class=\"wpcf7-list-item-label\">\u304a\u898b\u7a4d\u3082\u308a<\/span><\/span><span class=\"wpcf7-list-item\"><input type=\"checkbox\" name=\"checkbox-inq[]\" value=\"\u3054\u4f9d\u983c\" \/><span class=\"wpcf7-list-item-label\">\u3054\u4f9d\u983c<\/span><\/span><span class=\"wpcf7-list-item last\"><input type=\"checkbox\" name=\"checkbox-inq[]\" value=\"\u305d\u306e\u4ed6\" \/><span class=\"wpcf7-list-item-label\">\u305d\u306e\u4ed6<\/span><\/span><\/span><\/span>\n\t\t\t<\/p>\n\t\t<\/td>\n\t<\/tr>\n\t<tr>\n\t\t<th>\n\t\t\t<p><span class=\"CF7_req\">\u5fc5\u9808<\/span> \u304a\u540d\u524d\n\t\t\t<\/p>\n\t\t<\/th>\n\t\t<td>\n\t\t\t<p><span class=\"wpcf7-form-control-wrap\" data-name=\"your-name\"><input size=\"40\" maxlength=\"400\" class=\"wpcf7-form-control wpcf7-text wpcf7-validates-as-required\" aria-required=\"true\" aria-invalid=\"false\" placeholder=\"\u4f8b\uff1a\u3042\u306a\u305f\u306e\u304a\u540d\u524d\" value=\"\" type=\"text\" name=\"your-name\" \/><\/span>\n\t\t\t<\/p>\n\t\t<\/td>\n\t<\/tr>\n\t<tr>\n\t\t<th>\n\t\t\t<p><span class=\"CF7_req\">\u5fc5\u9808<\/span> \u30e1\u30fc\u30eb\u30a2\u30c9\u30ec\u30b9\n\t\t\t<\/p>\n\t\t<\/th>\n\t\t<td>\n\t\t\t<p><span class=\"wpcf7-form-control-wrap\" data-name=\"your-email\"><input size=\"40\" maxlength=\"400\" class=\"wpcf7-form-control wpcf7-email wpcf7-validates-as-required wpcf7-text wpcf7-validates-as-email\" aria-required=\"true\" aria-invalid=\"false\" placeholder=\"\u4f8b\uff1a\u00d7\u00d7\u00d7@\u00d7\u00d7\u00d7.com\" value=\"\" type=\"email\" name=\"your-email\" \/><\/span>\n\t\t\t<\/p>\n\t\t<\/td>\n\t<\/tr>\n\t<tr>\n\t\t<th>\n\t\t\t<p><span class=\"CF7_unreq\">\u4efb\u610f<\/span>\u4f1a\u793e\u540d\n\t\t\t<\/p>\n\t\t<\/th>\n\t\t<td>\n\t\t\t<p><span class=\"wpcf7-form-control-wrap\" data-name=\"your-company\"><input size=\"40\" maxlength=\"400\" class=\"wpcf7-form-control wpcf7-text\" aria-invalid=\"false\" placeholder=\"\u4f8b\uff1a\u25ef\u25ef\u682a\u5f0f\u4f1a\u793e\" value=\"\" type=\"text\" name=\"your-company\" \/><\/span>\n\t\t\t<\/p>\n\t\t<\/td>\n\t<\/tr>\n\t<tr>\n\t\t<th>\n\t\t\t<p><span class=\"CF7_req\">\u5fc5\u9808<\/span>\u90f5\u4fbf\u756a\u53f7\n\t\t\t<\/p>\n\t\t<\/th>\n\t\t<td>\n\t\t\t<p><span class=\"wpcf7-form-control-wrap\" data-name=\"zip\"><input size=\"40\" maxlength=\"400\" class=\"wpcf7-form-control wpcf7-text wpcf7-validates-as-required\" id=\"zip\" aria-required=\"true\" aria-invalid=\"false\" placeholder=\"\u4f8b\uff1a123-4567\" value=\"\" type=\"text\" name=\"zip\" \/><\/span>\n\t\t\t<\/p>\n\t\t<\/td>\n\t<\/tr>\n\t<tr>\n\t\t<th>\n\t\t\t<p><span class=\"CF7_req\">\u5fc5\u9808<\/span>\u90fd\u9053\u5e9c\u770c\n\t\t\t<\/p>\n\t\t<\/th>\n\t\t<td>\n\t\t\t<p><span class=\"wpcf7-form-control-wrap\" data-name=\"pref\"><input size=\"40\" maxlength=\"400\" class=\"wpcf7-form-control wpcf7-text wpcf7-validates-as-required\" id=\"pref\" aria-required=\"true\" aria-invalid=\"false\" placeholder=\"\u4f8b\uff1a\u5343\u8449\u770c\" value=\"\" type=\"text\" name=\"pref\" \/><\/span>\n\t\t\t<\/p>\n\t\t<\/td>\n\t<\/tr>\n\t<tr>\n\t\t<th>\n\t\t\t<p><span class=\"CF7_req\">\u5fc5\u9808<\/span>\u3054\u4f4f\u6240\n\t\t\t<\/p>\n\t\t<\/th>\n\t\t<td class=\"address-100\">\n\t\t\t<p><span class=\"wpcf7-form-control-wrap\" data-name=\"addr\"><input size=\"40\" maxlength=\"400\" class=\"wpcf7-form-control wpcf7-text wpcf7-validates-as-required\" id=\"addr\" aria-required=\"true\" aria-invalid=\"false\" placeholder=\"\u4f8b\uff1a\u5343\u8449\u5e02\u4e2d\u592e\u533a123-45\" value=\"\" type=\"text\" name=\"addr\" \/><\/span>\n\t\t\t<\/p>\n\t\t<\/td>\n\t<\/tr>\n\t<tr>\n\t\t<th>\n\t\t\t<p><span class=\"CF7_req\">\u5fc5\u9808<\/span>\u304a\u96fb\u8a71\u756a\u53f7\n\t\t\t<\/p>\n\t\t<\/th>\n\t\t<td>\n\t\t\t<p><span class=\"wpcf7-form-control-wrap\" data-name=\"your-tel\"><input size=\"40\" maxlength=\"400\" class=\"wpcf7-form-control wpcf7-text wpcf7-validates-as-required\" aria-required=\"true\" aria-invalid=\"false\" placeholder=\"\u4f8b\uff1a043-123-4567\" value=\"\" type=\"text\" name=\"your-tel\" \/><\/span>\n\t\t\t<\/p>\n\t\t<\/td>\n\t<\/tr>\n\t<tr>\n\t\t<th>\n\t\t\t<p><span class=\"CF7_req\">\u5fc5\u9808<\/span>\u30e1\u30c3\u30bb\u30fc\u30b8\u672c\u6587\n\t\t\t<\/p>\n\t\t<\/th>\n\t\t<td class=\"message-100\">\n\t\t\t<p><span class=\"wpcf7-form-control-wrap\" data-name=\"your-message\"><textarea cols=\"40\" rows=\"10\" maxlength=\"2000\" class=\"wpcf7-form-control wpcf7-textarea wpcf7-validates-as-required\" aria-required=\"true\" aria-invalid=\"false\" placeholder=\"\u304a\u554f\u3044\u5408\u308f\u305b\u5185\u5bb9\u3092\u3054\u8a18\u5165\u304f\u3060\u3055\u3044\" name=\"your-message\"><\/textarea><\/span>\n\t\t\t<\/p>\n\t\t<\/td>\n\t<\/tr>\n\t<tr>\n\t\t<th colspan=\"2\">\n\t\t\t<center>\n\t\t\t\t<font size=\"3\">\u2193\u3000\u203b\u3054\u4f9d\u983c\u7b87\u6240\u306e\u304a\u5199\u771f\u3092\u6dfb\u4ed8\u3044\u305f\u3060\u3051\u308b\u3068\u3001\u3088\u308a\u6b63\u78ba\u306a\u5bfe\u5fdc\u304c\u53ef\u80fd\u3067\u3059\u3002\u3000\u2193\n\t\t\t\t<\/font>\n\t\t\t<\/center>\n\t\t<\/th>\n\t<\/tr>\n\t<tr>\n\t\t<th>\n\t\t\t<center>\n\t\t\t\t<p><span class=\"CF7_unreq\">\u3010\u4efb\u610f\u3011<\/span>\u5199\u771f\u6dfb\u4ed8\u2460\n\t\t\t\t<\/p>\n\t\t\t<\/center>\n\t\t<\/th>\n\t\t<td class=\"message-100\">\n\t\t\t<p><span class=\"wpcf7-form-control-wrap\" data-name=\"file-864\"><input size=\"40\" class=\"wpcf7-form-control wpcf7-file\" accept=\".jpg,.jpeg,.png,.pdf\" aria-invalid=\"false\" type=\"file\" name=\"file-864\" \/><\/span>\n\t\t\t<\/p>\n\t\t<\/td>\n\t<\/tr>\n\t<tr>\n\t\t<th>\n\t\t\t<center>\n\t\t\t\t<p><span class=\"CF7_unreq\">\u3010\u4efb\u610f\u3011<\/span>\u5199\u771f\u6dfb\u4ed8\u2461\n\t\t\t\t<\/p>\n\t\t\t<\/center>\n\t\t<\/th>\n\t\t<td class=\"message-100\">\n\t\t\t<p><span class=\"wpcf7-form-control-wrap\" data-name=\"file-865\"><input size=\"40\" class=\"wpcf7-form-control wpcf7-file\" accept=\".jpg,.jpeg,.png,.pdf\" aria-invalid=\"false\" type=\"file\" name=\"file-865\" \/><\/span>\n\t\t\t<\/p>\n\t\t<\/td>\n\t<\/tr>\n\t<tr>\n\t\t<th>\n\t\t\t<center>\n\t\t\t\t<p><span class=\"CF7_unreq\">\u3010\u4efb\u610f\u3011<\/span>\u5199\u771f\u6dfb\u4ed8\u2462\n\t\t\t\t<\/p>\n\t\t\t<\/center>\n\t\t<\/th>\n\t\t<td class=\"message-100\">\n\t\t\t<p><span class=\"wpcf7-form-control-wrap\" data-name=\"file-866\"><input size=\"40\" class=\"wpcf7-form-control wpcf7-file\" accept=\".jpg,.jpeg,.png,.pdf\" aria-invalid=\"false\" type=\"file\" name=\"file-866\" \/><\/span>\n\t\t\t<\/p>\n\t\t<\/td>\n\t<\/tr>\n\t<tr>\n\t\t<th>\n\t\t\t<center>\n\t\t\t\t<p><span class=\"CF7_unreq\">\u3010\u4efb\u610f\u3011<\/span>\u5199\u771f\u6dfb\u4ed8\u2463\n\t\t\t\t<\/p>\n\t\t\t<\/center>\n\t\t<\/th>\n\t\t<td class=\"message-100\">\n\t\t\t<p><span class=\"wpcf7-form-control-wrap\" data-name=\"file-867\"><input size=\"40\" class=\"wpcf7-form-control wpcf7-file\" accept=\".jpg,.jpeg,.png,.pdf\" aria-invalid=\"false\" type=\"file\" name=\"file-867\" \/><\/span>\n\t\t\t<\/p>\n\t\t<\/td>\n\t<\/tr>\n<\/table>\n<p class=\"CF7_btn\"><input class=\"wpcf7-form-control wpcf7-submit has-spinner\" type=\"submit\" value=\"\u9001\u4fe1\u3059\u308b\" \/>\n<\/p><div class=\"wpcf7-response-output\" aria-hidden=\"true\"><\/div>\n<\/form>\n<\/div>\n\n","protected":false},"excerpt":{"rendered":"\u3053\u306e\u3088\u3046\u306a\u304a\u60a9\u307f\u306f\u3042\u308a\u307e\u305b\u3093\u304b\uff1f \u2605\u53e4\u3044\u90e8\u5206\u3092\u3092\u65b0\u3057\u304f\u3057\u305f\u3044 \u2605\u4f7f\u3044\u52dd\u624b\u306e\u826f\u3044\u5bb6\u306b\u30ea\u30d5\u30a9\u30fc\u30e0\u3057\u305f\u3044 \u2605\u9593\u53d6\u308a\u3092\u5909\u3048\u305f\u3044 \u2605\u58ca\u308c\u3066\u3044\u308b\u7b87\u6240\u3092\u4fee\u7406\u3057\u305f\u3044 \u2605\u4eca\u306e\u5bb6\u306b\u9577\u304f\u4f4f\u307f\u305f\u3044 \u2605\u3069\u3053\u304c\u60aa\u3044\u306e\u304b\u308f\u304b\u3089\u306a\u3044\u304b\u3089\u8abf\u67fb\u3057\u305f\u3044","protected":false},"author":1,"featured_media":0,"parent":0,"menu_order":6,"comment_status":"closed","ping_status":"closed","template":"","meta":{"footnotes":""},"class_list":["post-106","page","type-page","status-publish","hentry"],"yoast_head":"<!-- This site is optimized with the Yoast SEO plugin v27.1.1 - https:\/\/yoast.com\/product\/yoast-seo-wordpress\/ -->\n<title>\u304a\u554f\u3044\u5408\u308f\u305b - \u30ad\u30c3\u30c1\u30f3\u30ea\u30d5\u30a9\u30fc\u30e0\u306a\u3089\u683c\u5b89\u306eSAIKAHOME\u3010\u516c\u5f0f\u3011<\/title>\n<meta name=\"robots\" content=\"noindex, follow, max-snippet:-1, max-image-preview:large, max-video-preview:-1\" \/>\n<meta property=\"og:locale\" content=\"ja_JP\" \/>\n<meta property=\"og:type\" content=\"article\" \/>\n<meta property=\"og:title\" content=\"\u304a\u554f\u3044\u5408\u308f\u305b - \u30ad\u30c3\u30c1\u30f3\u30ea\u30d5\u30a9\u30fc\u30e0\u306a\u3089\u683c\u5b89\u306eSAIKAHOME\u3010\u516c\u5f0f\u3011\" \/>\n<meta property=\"og:description\" content=\"\u3053\u306e\u3088\u3046\u306a\u304a\u60a9\u307f\u306f\u3042\u308a\u307e\u305b\u3093\u304b\uff1f \u2605\u53e4\u3044\u90e8\u5206\u3092\u3092\u65b0\u3057\u304f\u3057\u305f\u3044 \u2605\u4f7f\u3044\u52dd\u624b\u306e\u826f\u3044\u5bb6\u306b\u30ea\u30d5\u30a9\u30fc\u30e0\u3057\u305f\u3044 \u2605\u9593\u53d6\u308a\u3092\u5909\u3048\u305f\u3044 \u2605\u58ca\u308c\u3066\u3044\u308b\u7b87\u6240\u3092\u4fee\u7406\u3057\u305f\u3044 \u2605\u4eca\u306e\u5bb6\u306b\u9577\u304f\u4f4f\u307f\u305f\u3044 \u2605\u3069\u3053\u304c\u60aa\u3044\u306e\u304b\u308f\u304b\u3089\u306a\u3044\u304b\u3089\u8abf\u67fb\u3057\u305f\u3044\" \/>\n<meta property=\"og:url\" content=\"https:\/\/saika-home.com\/?page_id=106\" \/>\n<meta property=\"og:site_name\" content=\"\u30ad\u30c3\u30c1\u30f3\u30ea\u30d5\u30a9\u30fc\u30e0\u306a\u3089\u683c\u5b89\u306eSAIKAHOME\u3010\u516c\u5f0f\u3011\" \/>\n<meta property=\"article:modified_time\" content=\"2024-01-11T13:54:53+00:00\" \/>\n<meta name=\"twitter:card\" content=\"summary_large_image\" \/>\n<script type=\"application\/ld+json\" class=\"yoast-schema-graph\">{\"@context\":\"https:\/\/schema.org\",\"@graph\":[{\"@type\":\"WebPage\",\"@id\":\"https:\/\/saika-home.com\/?page_id=106\",\"url\":\"https:\/\/saika-home.com\/?page_id=106\",\"name\":\"\u304a\u554f\u3044\u5408\u308f\u305b - \u30ad\u30c3\u30c1\u30f3\u30ea\u30d5\u30a9\u30fc\u30e0\u306a\u3089\u683c\u5b89\u306eSAIKAHOME\u3010\u516c\u5f0f\u3011\",\"isPartOf\":{\"@id\":\"https:\/\/saika-home.com\/#website\"},\"datePublished\":\"2023-12-07T03:16:04+00:00\",\"dateModified\":\"2024-01-11T13:54:53+00:00\",\"breadcrumb\":{\"@id\":\"https:\/\/saika-home.com\/?page_id=106#breadcrumb\"},\"inLanguage\":\"ja\",\"potentialAction\":[{\"@type\":\"ReadAction\",\"target\":[\"https:\/\/saika-home.com\/?page_id=106\"]}]},{\"@type\":\"BreadcrumbList\",\"@id\":\"https:\/\/saika-home.com\/?page_id=106#breadcrumb\",\"itemListElement\":[{\"@type\":\"ListItem\",\"position\":1,\"name\":\"\u30db\u30fc\u30e0\",\"item\":\"https:\/\/saika-home.com\/\"},{\"@type\":\"ListItem\",\"position\":2,\"name\":\"\u304a\u554f\u3044\u5408\u308f\u305b\"}]},{\"@type\":\"WebSite\",\"@id\":\"https:\/\/saika-home.com\/#website\",\"url\":\"https:\/\/saika-home.com\/\",\"name\":\"\u682a\u5f0f\u4f1a\u793e\u5f69\u52a0\u30db\u30fc\u30e0\u3010SAIKAHOME\u3011\",\"description\":\"\u73fe\u5728\u30ea\u30cb\u30e5\u30fc\u30a2\u30eb\u4e2d\uff01\",\"potentialAction\":[{\"@type\":\"SearchAction\",\"target\":{\"@type\":\"EntryPoint\",\"urlTemplate\":\"https:\/\/saika-home.com\/?s={search_term_string}\"},\"query-input\":{\"@type\":\"PropertyValueSpecification\",\"valueRequired\":true,\"valueName\":\"search_term_string\"}}],\"inLanguage\":\"ja\"}]}<\/script>\n<!-- \/ Yoast SEO plugin. -->","yoast_head_json":{"title":"\u304a\u554f\u3044\u5408\u308f\u305b - \u30ad\u30c3\u30c1\u30f3\u30ea\u30d5\u30a9\u30fc\u30e0\u306a\u3089\u683c\u5b89\u306eSAIKAHOME\u3010\u516c\u5f0f\u3011","robots":{"index":"noindex","follow":"follow","max-snippet":"max-snippet:-1","max-image-preview":"max-image-preview:large","max-video-preview":"max-video-preview:-1"},"og_locale":"ja_JP","og_type":"article","og_title":"\u304a\u554f\u3044\u5408\u308f\u305b - \u30ad\u30c3\u30c1\u30f3\u30ea\u30d5\u30a9\u30fc\u30e0\u306a\u3089\u683c\u5b89\u306eSAIKAHOME\u3010\u516c\u5f0f\u3011","og_description":"\u3053\u306e\u3088\u3046\u306a\u304a\u60a9\u307f\u306f\u3042\u308a\u307e\u305b\u3093\u304b\uff1f \u2605\u53e4\u3044\u90e8\u5206\u3092\u3092\u65b0\u3057\u304f\u3057\u305f\u3044 \u2605\u4f7f\u3044\u52dd\u624b\u306e\u826f\u3044\u5bb6\u306b\u30ea\u30d5\u30a9\u30fc\u30e0\u3057\u305f\u3044 \u2605\u9593\u53d6\u308a\u3092\u5909\u3048\u305f\u3044 \u2605\u58ca\u308c\u3066\u3044\u308b\u7b87\u6240\u3092\u4fee\u7406\u3057\u305f\u3044 \u2605\u4eca\u306e\u5bb6\u306b\u9577\u304f\u4f4f\u307f\u305f\u3044 \u2605\u3069\u3053\u304c\u60aa\u3044\u306e\u304b\u308f\u304b\u3089\u306a\u3044\u304b\u3089\u8abf\u67fb\u3057\u305f\u3044","og_url":"https:\/\/saika-home.com\/?page_id=106","og_site_name":"\u30ad\u30c3\u30c1\u30f3\u30ea\u30d5\u30a9\u30fc\u30e0\u306a\u3089\u683c\u5b89\u306eSAIKAHOME\u3010\u516c\u5f0f\u3011","article_modified_time":"2024-01-11T13:54:53+00:00","twitter_card":"summary_large_image","schema":{"@context":"https:\/\/schema.org","@graph":[{"@type":"WebPage","@id":"https:\/\/saika-home.com\/?page_id=106","url":"https:\/\/saika-home.com\/?page_id=106","name":"\u304a\u554f\u3044\u5408\u308f\u305b - \u30ad\u30c3\u30c1\u30f3\u30ea\u30d5\u30a9\u30fc\u30e0\u306a\u3089\u683c\u5b89\u306eSAIKAHOME\u3010\u516c\u5f0f\u3011","isPartOf":{"@id":"https:\/\/saika-home.com\/#website"},"datePublished":"2023-12-07T03:16:04+00:00","dateModified":"2024-01-11T13:54:53+00:00","breadcrumb":{"@id":"https:\/\/saika-home.com\/?page_id=106#breadcrumb"},"inLanguage":"ja","potentialAction":[{"@type":"ReadAction","target":["https:\/\/saika-home.com\/?page_id=106"]}]},{"@type":"BreadcrumbList","@id":"https:\/\/saika-home.com\/?page_id=106#breadcrumb","itemListElement":[{"@type":"ListItem","position":1,"name":"\u30db\u30fc\u30e0","item":"https:\/\/saika-home.com\/"},{"@type":"ListItem","position":2,"name":"\u304a\u554f\u3044\u5408\u308f\u305b"}]},{"@type":"WebSite","@id":"https:\/\/saika-home.com\/#website","url":"https:\/\/saika-home.com\/","name":"\u682a\u5f0f\u4f1a\u793e\u5f69\u52a0\u30db\u30fc\u30e0\u3010SAIKAHOME\u3011","description":"\u73fe\u5728\u30ea\u30cb\u30e5\u30fc\u30a2\u30eb\u4e2d\uff01","potentialAction":[{"@type":"SearchAction","target":{"@type":"EntryPoint","urlTemplate":"https:\/\/saika-home.com\/?s={search_term_string}"},"query-input":{"@type":"PropertyValueSpecification","valueRequired":true,"valueName":"search_term_string"}}],"inLanguage":"ja"}]}},"_links":{"self":[{"href":"https:\/\/saika-home.com\/index.php?rest_route=\/wp\/v2\/pages\/106","targetHints":{"allow":["GET"]}}],"collection":[{"href":"https:\/\/saika-home.com\/index.php?rest_route=\/wp\/v2\/pages"}],"about":[{"href":"https:\/\/saika-home.com\/index.php?rest_route=\/wp\/v2\/types\/page"}],"author":[{"embeddable":true,"href":"https:\/\/saika-home.com\/index.php?rest_route=\/wp\/v2\/users\/1"}],"replies":[{"embeddable":true,"href":"https:\/\/saika-home.com\/index.php?rest_route=%2Fwp%2Fv2%2Fcomments&post=106"}],"version-history":[{"count":14,"href":"https:\/\/saika-home.com\/index.php?rest_route=\/wp\/v2\/pages\/106\/revisions"}],"predecessor-version":[{"id":411,"href":"https:\/\/saika-home.com\/index.php?rest_route=\/wp\/v2\/pages\/106\/revisions\/411"}],"wp:attachment":[{"href":"https:\/\/saika-home.com\/index.php?rest_route=%2Fwp%2Fv2%2Fmedia&parent=106"}],"curies":[{"name":"wp","href":"https:\/\/api.w.org\/{rel}","templated":true}]}}